{"id":1404,"date":"2019-10-09T03:50:12","date_gmt":"2019-10-09T03:50:12","guid":{"rendered":"http:\/\/ap3.cpanelhost.cl\/~cem65388\/?page_id=1404"},"modified":"2020-08-25T03:38:41","modified_gmt":"2020-08-25T03:38:41","slug":"3-desarrollo-e-implementacion-de-plataformas-de-innovacion-tecnologicas-usando-inteligencia-de-negocios","status":"publish","type":"page","link":"https:\/\/emergiaconsultores.cl\/en\/3-desarrollo-e-implementacion-de-plataformas-de-innovacion-tecnologicas-usando-inteligencia-de-negocios\/","title":{"rendered":"3. Development &#038; implementation for technological innovation platforms, using business intelligence"},"content":{"rendered":"\t\t<div data-elementor-type=\"wp-page\" data-elementor-id=\"1404\" class=\"elementor elementor-1404\" data-elementor-settings=\"[]\">\n\t\t\t\t\t\t<div class=\"elementor-inner\">\n\t\t\t\t\t\t\t<div class=\"elementor-section-wrap\">\n\t\t\t\t\t\t\t<section class=\"elementor-section elementor-top-section elementor-element elementor-element-4bf58bcc elementor-section-boxed elementor-section-height-default elementor-section-height-default\" data-id=\"4bf58bcc\" data-element_type=\"section\">\n\t\t\t\t\t\t<div class=\"elementor-container elementor-column-gap-default\">\n\t\t\t\t\t\t\t<div class=\"elementor-row\">\n\t\t\t\t\t<div class=\"elementor-column elementor-col-100 elementor-top-column elementor-element elementor-element-7fd52818\" data-id=\"7fd52818\" data-element_type=\"column\">\n\t\t\t<div class=\"elementor-column-wrap elementor-element-populated\">\n\t\t\t\t\t\t\t<div class=\"elementor-widget-wrap\">\n\t\t\t\t\t\t<div class=\"elementor-element elementor-element-757f914 elementor-widget elementor-widget-image\" data-id=\"757f914\" data-element_type=\"widget\" data-widget_type=\"image.default\">\n\t\t\t\t<div class=\"elementor-widget-container\">\n\t\t\t\t\t<div class=\"elementor-image\">\n\t\t\t\t\t\t\t\t\t\t<img width=\"790\" height=\"400\" src=\"https:\/\/emergiaconsultores.cl\/wp-content\/uploads\/2019\/10\/seguridad-790x400.jpg\" class=\"attachment-screenr-blog-list size-screenr-blog-list\" alt=\"\" loading=\"lazy\" \/>\t\t\t\t\t\t\t\t\t\t\t<\/div>\n\t\t\t\t<\/div>\n\t\t\t\t<\/div>\n\t\t\t\t<div class=\"elementor-element elementor-element-2582be91 elementor-widget elementor-widget-text-editor\" data-id=\"2582be91\" data-element_type=\"widget\" data-widget_type=\"text-editor.default\">\n\t\t\t\t<div class=\"elementor-widget-container\">\n\t\t\t\t\t<div class=\"elementor-text-editor elementor-clearfix\"><p><\/p><div>\u00a0<\/div><blockquote><p>Strategic Alliances of technological relevance are part of our assets, which allow us to develop and implement various Innovation Platforms, which guarantee the optimization of our clients&#8217; processes. To do this, we use tools as:<\/p><\/blockquote><ul><li>Business Intelligence,<\/li><li>Workflow,<\/li><li>ERP,<\/li><li>CRM, among others.<\/li><\/ul><p>We work with national and international partners who support our business developments.<\/p><\/div>\n\t\t\t\t<\/div>\n\t\t\t\t<\/div>\n\t\t\t\t\t\t<\/div>\n\t\t\t\t\t<\/div>\n\t\t<\/div>\n\t\t\t\t\t\t\t\t<\/div>\n\t\t\t\t\t<\/div>\n\t\t<\/section>\n\t\t\t\t\t\t<\/div>\n\t\t\t\t\t\t<\/div>\n\t\t\t\t\t<\/div>\n\t\t","protected":false},"excerpt":{"rendered":"<p>\u00a0 Strategic Alliances of technological relevance are part of our assets, which allow us to develop and implement various Innovation Platforms, which guarantee the optimization of our clients&#8217; processes. To do this, we use tools as: Business Intelligence, Workflow, ERP, CRM, among others. We work with national and international partners&#8230;<\/p>\n","protected":false},"author":1,"featured_media":1410,"parent":0,"menu_order":0,"comment_status":"closed","ping_status":"closed","template":"","meta":[],"yoast_head":"<!-- This site is optimized with the Yoast SEO plugin v16.0.2 - https:\/\/yoast.com\/wordpress\/plugins\/seo\/ -->\n<title>3. Development &amp; implementation for technological innovation platforms, using business intelligence - Emergia Consultores<\/title>\n<link rel=\"canonical\" href=\"https:\/\/emergiaconsultores.cl\/3-desarrollo-e-implementacion-de-plataformas-de-innovacion-tecnologicas-usando-inteligencia-de-negocios\/\" \/>\n<meta property=\"og:locale\" content=\"en_US\" \/>\n<meta property=\"og:type\" content=\"article\" \/>\n<meta property=\"og:title\" content=\"[:es]3. Desarrollo e implementaci\u00f3n de plataformas de innovaci\u00f3n tecnol\u00f3gica, usando inteligencia de negocios[:en]3. Development &amp; implementation for technological innovation platforms, using business intelligence[:] - Emergia Consultores\" \/>\n<meta property=\"og:description\" content=\"\u00a0 Strategic Alliances of technological relevance are part of our assets, which allow us to develop and implement various Innovation Platforms, which guarantee the optimization of our clients&#8217; processes. To do this, we use tools as: Business Intelligence, Workflow, ERP, CRM, among others. We work with national and international partners...\" \/>\n<meta property=\"og:url\" content=\"https:\/\/emergiaconsultores.cl\/3-desarrollo-e-implementacion-de-plataformas-de-innovacion-tecnologicas-usando-inteligencia-de-negocios\/\" \/>\n<meta property=\"og:site_name\" content=\"Emergia Consultores\" \/>\n<meta property=\"article:modified_time\" content=\"2020-08-25T03:38:41+00:00\" \/>\n<meta property=\"og:image\" content=\"https:\/\/emergiaconsultores.cl\/wp-content\/uploads\/2019\/10\/seguridad.jpg\" \/>\n\t<meta property=\"og:image:width\" content=\"7360\" \/>\n\t<meta property=\"og:image:height\" content=\"4140\" \/>\n<meta name=\"twitter:card\" content=\"summary_large_image\" \/>\n<meta name=\"twitter:label1\" content=\"Est. reading time\">\n\t<meta name=\"twitter:data1\" content=\"1 minute\">\n<script type=\"application\/ld+json\" class=\"yoast-schema-graph\">{\"@context\":\"https:\/\/schema.org\",\"@graph\":[{\"@type\":\"Organization\",\"@id\":\"https:\/\/emergiaconsultores.cl\/#organization\",\"name\":\"emerg\\u00eda consultores emergiaconsultores.cl\",\"url\":\"https:\/\/emergiaconsultores.cl\/\",\"sameAs\":[\"https:\/\/cl.linkedin.com\/in\/emerg\\u00eda-consultores-4ab0051a9\"],\"logo\":{\"@type\":\"ImageObject\",\"@id\":\"https:\/\/emergiaconsultores.cl\/#logo\",\"inLanguage\":\"en-US\",\"url\":\"https:\/\/emergiaconsultores.cl\/wp-content\/uploads\/2020\/05\/LOGO_EMERGIA_OK-e1589387648428.png\",\"width\":120,\"height\":111,\"caption\":\"emerg\\u00eda consultores emergiaconsultores.cl\"},\"image\":{\"@id\":\"https:\/\/emergiaconsultores.cl\/#logo\"}},{\"@type\":\"WebSite\",\"@id\":\"https:\/\/emergiaconsultores.cl\/#website\",\"url\":\"https:\/\/emergiaconsultores.cl\/\",\"name\":\"Emergia Consultores\",\"description\":\"Asesor\\u00edas, capacitaci\\u00f3n y Coaching\",\"publisher\":{\"@id\":\"https:\/\/emergiaconsultores.cl\/#organization\"},\"potentialAction\":[{\"@type\":\"SearchAction\",\"target\":\"https:\/\/emergiaconsultores.cl\/?s={search_term_string}\",\"query-input\":\"required name=search_term_string\"}],\"inLanguage\":\"en-US\"},{\"@type\":\"ImageObject\",\"@id\":\"https:\/\/emergiaconsultores.cl\/3-desarrollo-e-implementacion-de-plataformas-de-innovacion-tecnologicas-usando-inteligencia-de-negocios\/#primaryimage\",\"inLanguage\":\"en-US\",\"url\":\"https:\/\/emergiaconsultores.cl\/wp-content\/uploads\/2019\/10\/seguridad.jpg\",\"width\":7360,\"height\":4140},{\"@type\":\"WebPage\",\"@id\":\"https:\/\/emergiaconsultores.cl\/3-desarrollo-e-implementacion-de-plataformas-de-innovacion-tecnologicas-usando-inteligencia-de-negocios\/#webpage\",\"url\":\"https:\/\/emergiaconsultores.cl\/3-desarrollo-e-implementacion-de-plataformas-de-innovacion-tecnologicas-usando-inteligencia-de-negocios\/\",\"name\":\"[:es]3. Desarrollo e implementaci\\u00f3n de plataformas de innovaci\\u00f3n tecnol\\u00f3gica, usando inteligencia de negocios[:en]3. Development & implementation for technological innovation platforms, using business intelligence[:] - Emergia Consultores\",\"isPartOf\":{\"@id\":\"https:\/\/emergiaconsultores.cl\/#website\"},\"primaryImageOfPage\":{\"@id\":\"https:\/\/emergiaconsultores.cl\/3-desarrollo-e-implementacion-de-plataformas-de-innovacion-tecnologicas-usando-inteligencia-de-negocios\/#primaryimage\"},\"datePublished\":\"2019-10-09T03:50:12+00:00\",\"dateModified\":\"2020-08-25T03:38:41+00:00\",\"breadcrumb\":{\"@id\":\"https:\/\/emergiaconsultores.cl\/3-desarrollo-e-implementacion-de-plataformas-de-innovacion-tecnologicas-usando-inteligencia-de-negocios\/#breadcrumb\"},\"inLanguage\":\"en-US\",\"potentialAction\":[{\"@type\":\"ReadAction\",\"target\":[\"https:\/\/emergiaconsultores.cl\/3-desarrollo-e-implementacion-de-plataformas-de-innovacion-tecnologicas-usando-inteligencia-de-negocios\/\"]}]},{\"@type\":\"BreadcrumbList\",\"@id\":\"https:\/\/emergiaconsultores.cl\/3-desarrollo-e-implementacion-de-plataformas-de-innovacion-tecnologicas-usando-inteligencia-de-negocios\/#breadcrumb\",\"itemListElement\":[{\"@type\":\"ListItem\",\"position\":1,\"item\":{\"@type\":\"WebPage\",\"@id\":\"https:\/\/emergiaconsultores.cl\/\",\"url\":\"https:\/\/emergiaconsultores.cl\/\",\"name\":\"Portada\"}},{\"@type\":\"ListItem\",\"position\":2,\"item\":{\"@type\":\"WebPage\",\"@id\":\"https:\/\/emergiaconsultores.cl\/3-desarrollo-e-implementacion-de-plataformas-de-innovacion-tecnologicas-usando-inteligencia-de-negocios\/\",\"url\":\"https:\/\/emergiaconsultores.cl\/3-desarrollo-e-implementacion-de-plataformas-de-innovacion-tecnologicas-usando-inteligencia-de-negocios\/\",\"name\":\"3. Desarrollo e implementaci\\u00f3n de plataformas de innovaci\\u00f3n tecnol\\u00f3gica, usando inteligencia de negocios\"}}]}]}<\/script>\n<!-- \/ Yoast SEO plugin. -->","_links":{"self":[{"href":"https:\/\/emergiaconsultores.cl\/en\/wp-json\/wp\/v2\/pages\/1404"}],"collection":[{"href":"https:\/\/emergiaconsultores.cl\/en\/wp-json\/wp\/v2\/pages"}],"about":[{"href":"https:\/\/emergiaconsultores.cl\/en\/wp-json\/wp\/v2\/types\/page"}],"author":[{"embeddable":true,"href":"https:\/\/emergiaconsultores.cl\/en\/wp-json\/wp\/v2\/users\/1"}],"replies":[{"embeddable":true,"href":"https:\/\/emergiaconsultores.cl\/en\/wp-json\/wp\/v2\/comments?post=1404"}],"version-history":[{"count":11,"href":"https:\/\/emergiaconsultores.cl\/en\/wp-json\/wp\/v2\/pages\/1404\/revisions"}],"predecessor-version":[{"id":1999,"href":"https:\/\/emergiaconsultores.cl\/en\/wp-json\/wp\/v2\/pages\/1404\/revisions\/1999"}],"wp:featuredmedia":[{"embeddable":true,"href":"https:\/\/emergiaconsultores.cl\/en\/wp-json\/wp\/v2\/media\/1410"}],"wp:attachment":[{"href":"https:\/\/emergiaconsultores.cl\/en\/wp-json\/wp\/v2\/media?parent=1404"}],"curies":[{"name":"wp","href":"https:\/\/api.w.org\/{rel}","templated":true}]}}